{"id":150,"date":"2021-11-04T16:28:05","date_gmt":"2021-11-04T16:28:05","guid":{"rendered":"https:\/\/csi.ualg.pt\/nilmforihem\/?page_id=150"},"modified":"2023-02-17T18:13:19","modified_gmt":"2023-02-17T18:13:19","slug":"publicacoes","status":"publish","type":"page","link":"https:\/\/csi.ualg.pt\/nilmforihem\/publicacoes\/","title":{"rendered":"Publica\u00e7\u00f5es"},"content":{"rendered":"<div class=\"brz-root__container brz-reset-all\">\n<section id=\"klfxcqyunroxvlhxxdjgyirlgmvwjvdlesgh\" class=\"brz-section brz-css-srrnp\" data-uid=\"klfxcqyunroxvlhxxdjgyirlgmvwjvdlesgh\">\n<div class=\"brz-section__content brz-section--boxed brz-css-udpur\" data-custom-id=\"nfnlikqxvnihudswaizlmrncuxxsrordvzul\">\n<div class=\"brz-container brz-css-eqfbc\">\n<div class=\"brz-row__container brz-css-vvsex\" data-custom-id=\"nuheqbidzscvcdfjxlnnsyewdjplzdplnpnb\">\n<div class=\"brz-row brz-css-shbon\">\n<div class=\"brz-columns brz-css-nqyjf brz-css-bhoem\" data-custom-id=\"oycacbbvjoogwmzjafyxjkcfkbhcxxvsajwu\">\n<div class=\"brz-column__items brz-css-pfunw\">\n<div class=\"brz-css-lmzkz brz-wrapper\">\n<div class=\"brz-rich-text brz-rich-text__custom brz-css-qiuhu\" data-custom-id=\"uxmfomwzghejdbzypizwaqwvycongaqepfru\">\n<div>\n<p class=\"brz-css-vpbsx\"><span class=\"brz-cp-color7\">Publica\u00e7\u00f5es <\/span><\/p>\n<\/div>\n<\/div>\n<\/div>\n<\/div>\n<\/div>\n<\/div>\n<\/div>\n<div class=\"brz-row__container brz-css-vvsex\" data-custom-id=\"vdfxmculxpqextbdmourhpbifejkvchzwoge\">\n<div class=\"brz-row brz-css-shbon\">\n<div class=\"brz-columns brz-css-nqyjf brz-css-duewr\" data-custom-id=\"sudlofctruvejeiebtxmczxhewtdhszftydj\">\n<div class=\"brz-column__items brz-css-pfunw\">\n<div class=\"brz-css-lmzkz brz-css-lmevo brz-wrapper\">\n<div class=\"brz-rich-text brz-rich-text__custom brz-css-qiuhu\" data-custom-id=\"mihlagxdhqwgvpexmyysmkcnzzxghhhhxmmg\">\n<div>\n<p class=\"brz-css-ziiti\"><span class=\"brz-cp-color7 brz-span\"><strong>Publica\u00e7\u00e3o em Confer\u00eancia<\/strong> &#8211; <\/span> HERNANDEZ, A., RUANO, A., URE\u00d1A, J., RUANO, M. G. &amp; GARCIA, J. J. 2019. <a class=\"link--external\" href=\"https:\/\/doi.org\/10.1016\/j.ifacol.2019.09.135\" target=\"_blank\" rel=\"noopener\" data-brz-link-type=\"external\"><em>Applications of NILM Techniques to Energy Management and Assisted Living.<\/em><\/a> IFAC-PapersOnLine, 52, 11, 164-171<\/p>\n<\/div>\n<\/div>\n<\/div>\n<div class=\"brz-css-lmzkz brz-css-jyolx brz-wrapper\">\n<div class=\"brz-rich-text brz-rich-text__custom brz-css-qiuhu\" data-custom-id=\"wcpcybacdlzihqajvoamrhdlnjexmyntqbge\">\n<div>\n<p class=\"brz-css-lkdjf\"><span class=\"brz-cp-color7 brz-span\"><strong>Publica\u00e7\u00e3o em Revista<\/strong> &#8211; <\/span> RUANO, A., HERNANDEZ, A., URE\u00d1A, J., RUANO, M. &amp; GARCIA, J. 2019. <a class=\"link--external\" href=\"https:\/\/doi.org\/10.3390\/en12112203\" target=\"_blank\" rel=\"noopener\" data-brz-link-type=\"external\"><em>NILM Techniques for Intelligent Home Energy Management and Ambient Assisted Living: A Review.<\/em><\/a> Energies, 12, 11, 2203<\/p>\n<\/div>\n<\/div>\n<\/div>\n<div class=\"brz-css-lmzkz brz-css-fcupy brz-wrapper\">\n<div class=\"brz-rich-text brz-rich-text__custom brz-css-qiuhu\" data-custom-id=\"ikygfmebaebpoilavvjokpbbxdrdupgbgbyz\">\n<div>\n<p class=\"brz-css-fjmsm\"><span class=\"brz-cp-color7 brz-span\"><strong>Publica\u00e7\u00e3o em Confer\u00eancia<\/strong> &#8211; <\/span> LAOUALI, I., QASSEMI, H., MARZOUQ, M., RUANO, A., BENNANI, S. &amp; EL FADILI, H. 2020. <a class=\"link--external\" href=\"https:\/\/doi.org\/https:\/\/doi.org\/10.1007\/978-981-33-6893-4_69\" target=\"_blank\" rel=\"noopener\" data-brz-link-type=\"external\"><em>A nonlinear autoregressive neural network model for forecasting appliance power consumption<\/em><\/a> In: S., B., Y., L., G., K., A., M. &amp; Y., K. (Eds.) WITS 2020. Lecture Notes in Electrical Engineering. Singapore: Springer, 745, 759-768<\/p>\n<\/div>\n<\/div>\n<\/div>\n<div class=\"brz-css-lmzkz brz-css-fbsoa brz-wrapper\">\n<div class=\"brz-rich-text brz-rich-text__custom brz-css-qiuhu\" data-custom-id=\"gbfdavhbjcyrgwnbfbufgkyznyxntprtgsrp\">\n<div>\n<p class=\"brz-css-hfumg\"><span class=\"brz-cp-color7 brz-span\"><strong>Publica\u00e7\u00e3o em Confer\u00eancia &#8211;<\/strong> <\/span><span class=\"brz-cp-color7\">BOT, K., RUANO, A. &amp; RUANO, M. G. 2020.<\/span><a class=\"brz-cp-color7 link--external\" href=\"https:\/\/doi.org\/https:\/\/doi.org\/10.1016\/j.ifacol.2020.12.1985\" target=\"_blank\" rel=\"noopener\" data-brz-link-type=\"external\"><em> Forecasting Electricity Demand in Households using MOGA-designed Artificial Neural Networks<\/em><\/a><span class=\"brz-cp-color7\">. IFAC-PapersOnLine, 53, 2, 8255-8230<\/span><\/p>\n<\/div>\n<\/div>\n<\/div>\n<div class=\"brz-css-lmzkz brz-css-tjbou brz-wrapper\">\n<div class=\"brz-rich-text brz-rich-text__custom brz-css-qiuhu\" data-custom-id=\"rdddwdbirbqgbzmgkuzvugzfjwrlsdfbnjiy\">\n<div>\n<p class=\"brz-css-dvgcn\"><span class=\"brz-cp-color7 brz-span\"><strong>Publica\u00e7\u00e3o em Confer\u00eancia &#8211;<\/strong> <\/span><span class=\"brz-cp-color7\">BOT, K., RUANO, A. &amp; RUANO, M. G. 2020. <\/span><a class=\"link--external brz-cp-color7\" href=\"https:\/\/doi.org\/10.1007\/978-3-030-50146-4_24\" target=\"_blank\" rel=\"noopener\" data-brz-link-type=\"external\"><em>Forecasting Electricity Consumption in Residential Buildings for Home Energy Management Systems.<\/em><\/a><em class=\"brz-cp-color7\"> I<\/em><span class=\"brz-cp-color7\">n: LESOT, M.-J., VIEIRA, S., REFORMAT, M. Z., CARVALHO, J. P., WILBIK, A., BOUCHON-MEUNIER, B. &amp; YAGER, R. R. (Eds.) Information Processing and Management of Uncertainty in Knowledge-Based Systems (IPMU). Springer International Publishing, 1237, 313-326 <\/span><\/p>\n<\/div>\n<\/div>\n<\/div>\n<div class=\"brz-css-lmzkz brz-css-vffkt brz-wrapper\">\n<div class=\"brz-rich-text brz-rich-text__custom brz-css-qiuhu\" data-custom-id=\"rbizxivmwknfzoeimfrhpiscnfdjcfbmeudd\">\n<div>\n<p class=\"brz-css-wrlyc\"><span class=\"brz-cp-color7 brz-span\"><strong>Publica\u00e7\u00e3o<\/strong> <strong>em Confer\u00eancia<\/strong>&#8211; <\/span><span class=\"brz-cp-color7\">LAOUALI, I., QASSEMI, H., MARZOUQ, M., RUANO, A., BENNANI, S. &amp; EL FADILI, H. <\/span><a class=\"brz-cp-color7 link--external\" href=\"https:\/\/doi.org\/10.1109\/ICECOCS50124.2020.9314383\" target=\"_blank\" rel=\"noopener\" data-brz-link-type=\"external\"><em>A Survey on Computational Intelligence Techniques for Non Intrusive Load Monitoring<\/em>.<\/a> <span class=\"brz-cp-color7\"> 2020 International Conference on Electronics, Control, Optimization and Computer Science (ICECOCS), 2-3 Dec 2020 Kenitra, Morocco. 9314383<\/span><\/p>\n<\/div>\n<\/div>\n<\/div>\n<div class=\"brz-css-lmzkz brz-css-alvrz brz-wrapper\">\n<div class=\"brz-rich-text brz-rich-text__custom brz-css-qiuhu\" data-custom-id=\"mqrrzuvqnlrylcocsdyroqliqbxwquxdlscm\">\n<div>\n<p class=\"brz-css-uoykm\"><span class=\"brz-cp-color7 brz-span\"><strong>Publica\u00e7\u00e3o<\/strong> <strong>em Confer\u00eancia &#8211;<\/strong> <\/span><span class=\"brz-cp-color7\">RUANO, A., QASSEMI, H., INOUSSA, H., MARZOUQ, M., FADILI, H. E. &amp; BENNANI, S. 2020. <\/span><a class=\"link--external brz-cp-color7\" href=\"https:\/\/doi.org\/10.1007\/978-981-33-6893-4_67\" target=\"_blank\" rel=\"noopener\" data-brz-link-type=\"external\"><em>A Model-based Predictive Control approach for Home Energy Management Systems<\/em><\/a><em class=\"brz-cp-color7\">. First results<\/em><span class=\"brz-cp-color7\">. In: S., B., Y., L., G., K., A., M. &amp; Y., K. (Eds.) WITS 2020. Lecture Notes in Electrical Engineering. Singapore: Springer, 745, 735-747 <\/span><\/p>\n<\/div>\n<\/div>\n<\/div>\n<div class=\"brz-css-lmzkz brz-css-rpcze brz-wrapper\">\n<div class=\"brz-rich-text brz-rich-text__custom brz-css-qiuhu\" data-custom-id=\"uozpohyrtohiofwfangdzjosyhmhmaixnvhc\">\n<div>\n<p class=\"brz-css-fomql\"><span class=\"brz-cp-color7 brz-span\"><strong>Publica\u00e7\u00e3o em Revista<\/strong> &#8211; <\/span><span class=\"brz-cp-color7\">BOT, K., LAOUALI, I., RUANO, A. &amp; RUANO, M. D. G. 2021. <\/span><a class=\"brz-cp-color7 link--external\" href=\"https:\/\/doi.org\/10.3390\/en14185852\" target=\"_blank\" rel=\"noopener\" data-brz-link-type=\"external\"><em>Home Energy Management Systems with Branch-and-Bound Model-Based Predictive Control Techniques<\/em><\/a><span class=\"brz-cp-color7\">. Energies, 14, 18, 5852<\/span><\/p>\n<\/div>\n<\/div>\n<\/div>\n<div class=\"brz-css-lmzkz brz-css-sccrd brz-wrapper\">\n<div class=\"brz-rich-text brz-rich-text__custom brz-css-qiuhu\" data-custom-id=\"orgzpaqrsvbjfvtmlfotjcdmvawntivqfxen\">\n<div>\n<p class=\"brz-css-qddna\"><span class=\"brz-cp-color7 brz-span\"><strong>Publica\u00e7\u00e3o em Revista<\/strong> &#8211; <\/span><span class=\"brz-cp-color7\">BOT, K., RUANO, A. &amp; RUANO, M. D. G. 2021. <\/span><a class=\"brz-cp-color7 link--external\" href=\"https:\/\/doi.org\/10.3390\/inventions6010012\" target=\"_blank\" rel=\"noopener\" data-brz-link-type=\"external\"><em>Short-Term Forecasting Photovoltaic Solar Power for Home Energy Management Systems<\/em><\/a><span class=\"brz-cp-color7\">. Inventions, 6, 1, 1-23<\/span><\/p>\n<\/div>\n<\/div>\n<\/div>\n<div class=\"brz-css-lmzkz brz-css-lhasm brz-wrapper\">\n<div class=\"brz-rich-text brz-rich-text__custom brz-css-qiuhu\" data-custom-id=\"hnntlbfvjhjrjgrvxsiidogvhfmehnlwqszw\">\n<div>\n<p class=\"brz-css-kfcfx\"><span class=\"brz-cp-color7 brz-span\"><strong>Publica\u00e7\u00e3o em Confer\u00eancia<\/strong> &#8211; <\/span><span class=\"brz-cp-color7\">RUANO, A., BOT, K. &amp; RUANO, M. G. 2021. <\/span><a class=\"link--external brz-cp-color7\" href=\"https:\/\/doi.org\/10.1007\/978-3-030-58653-9_32\" target=\"_blank\" rel=\"noopener\" data-brz-link-type=\"external\"><em>Home Energy Management System in an Algarve residence. First results<\/em>.<\/a><span class=\"brz-cp-color7\"> In: A, G. J., M., B.-C. &amp; J.P., C. (Eds.) CONTROLO 2020: Proceedings of the 14th APCA International Conference on Automatic Control and Soft Computing. Bragan\u00e7a, Portugal: Springer Science and Business Media Deutschland GmbH, Lecture Notes in Electrical Engineering, 695, 332-341 <\/span><\/p>\n<\/div>\n<\/div>\n<\/div>\n<div class=\"brz-css-lmzkz brz-css-livke brz-wrapper\">\n<div class=\"brz-rich-text brz-rich-text__custom brz-css-qiuhu\" data-custom-id=\"ftywkjrfpbeesgoyfcpyyodldzuewgyasvil\">\n<div>\n<p class=\"brz-css-ogwkh\"><span class=\"brz-cp-color7 brz-span\"><strong>Publica\u00e7\u00e3o em Revista<\/strong> &#8211; <\/span><span class=\"brz-cp-color7\">BOT, K., SANTOS, S., LAOUALI, I., RUANO, A. &amp; RUANO, M. G. 2021. <\/span><a class=\"brz-cp-color7 link--external\" href=\"https:\/\/doi.org\/10.3390\/en14227664\" target=\"_blank\" rel=\"noopener\" data-brz-link-type=\"external\"><em>Design of Ensemble Forecasting Models for Home Energy Management Systems<\/em>.<\/a><span class=\"brz-cp-color7\"> Energies, 14, 22, 7664.<\/span><\/p>\n<\/div>\n<\/div>\n<\/div>\n<div class=\"brz-css-lmzkz brz-css-xlchs brz-wrapper\">\n<div class=\"brz-rich-text brz-rich-text__custom brz-css-qiuhu\" data-custom-id=\"njdtwyejrqpbhlukdawcqanilsbfxrgzutnv\">\n<div>\n<p class=\"brz-css-cahix\"><span class=\"brz-cp-color7 brz-span\"><strong>Cap\u00edtulo de Livro &#8211; <\/strong><\/span><span class=\"brz-cp-color7\">RUANO, A., BOT, K. &amp; RUANO, M. D. G. 2021. <\/span><a class=\"brz-cp-color7 link--external\" href=\"https:\/\/doi.org\/10.2174\/97816810883271210601\" target=\"_blank\" rel=\"noopener\" data-brz-link-type=\"external\"><em>The Impact of Occupants in Thermal Comfort and Energy Efficiency in Buildings.<\/em><\/a><span class=\"brz-cp-color7\"> Occupant Behaviour in Buildings: Advances and Challenges. Sharjah, U.A.E.: Bentham Science, 6, 101-137 <\/span><\/p>\n<\/div>\n<\/div>\n<\/div>\n<div class=\"brz-css-lmzkz brz-css-dtlap brz-wrapper\">\n<div class=\"brz-rich-text brz-rich-text__custom brz-css-qiuhu\" data-custom-id=\"fojqqeafxzoolmoqxpcdejkybrpqxqzxctcr\">\n<div>\n<p class=\"brz-css-nvoul\" data-generated-css=\"brz-css-iyfzx\" data-uniq-id=\"ehdcr\"><span class=\"brz-cp-color7 brz-span\"><strong>Publica\u00e7\u00e3o em Revista &#8211; <\/strong><\/span>LAOUALI, I., RUANO, A., RUANO, M. D. G., BENNANI, S. D. &amp; FADILI, H. E. 2022. <em><a class=\"link--external\" href=\"https:\/\/doi.org\/10.3390\/en15031215\" data-brz-link-type=\"external\">Non-Intrusive Load Monitoring of Household Devices Using a Hybrid Deep Learning Model through Convex Hull-Based Data Selection<\/a><\/em>. Energies, 15, 3, 1215<\/p>\n<p data-generated-css=\"brz-css-iyfzx\" data-uniq-id=\"ehdcr\"><strong class=\"brz-cp-color7\">Publica\u00e7\u00e3o em Revista \u2013 <\/strong>GOMES, I., K. BOT, M. D. G. RUANO AND A. RUANO 2022.\u00a0<a href=\"https:\/\/www.mdpi.com\/1996-1073\/15\/8\/2866\"><em>Recent Tech<\/em><em>niques Used in Home Energy Management Systems: A Review.<\/em><\/a> Energies 15, 8, 2866.<\/p>\n<p data-generated-css=\"brz-css-iyfzx\" data-uniq-id=\"ehdcr\"><strong class=\"brz-cp-color7\">Publica\u00e7\u00e3o em Revista \u2013 <\/strong>LAOUALI, I., GOMES, I., RUANO, M. D. G., BENNANI, S. D., FADILI, H. E. &amp; RUANO, A. 2022. <a href=\"https:\/\/www.mdpi.com\/1996-1073\/15\/23\/9073\"><em>Energy Disaggregation Using Multi-Objective Genetic Algorithm Designed Neural Networks<\/em><\/a>. Energies, 15, 23, 9073<\/p>\n<p data-generated-css=\"brz-css-iyfzx\" data-uniq-id=\"ehdcr\"><strong class=\"brz-cp-color7\">Publica\u00e7\u00e3o em Revista \u2013<\/strong>GOMES, I. L. R., RUANO, M. G. &amp; RUANO, A. E. 2023. <a href=\"https:\/\/www.sciencedirect.com\/science\/article\/pii\/S037877882300004X\">MILP-based model predictive control for home energy management systems: A real case study in Algarve, Portuga<\/a>l. Energy and Buildings, 281, 112774<\/p>\n<p data-generated-css=\"brz-css-iyfzx\" data-uniq-id=\"ehdcr\">\n<\/div>\n<\/div>\n<\/div>\n<\/div>\n<\/div>\n<\/div>\n<\/div>\n<\/div>\n<\/div>\n<\/section>\n<\/div>\n<p><!-- version:1657214746 --><\/p>\n","protected":false},"excerpt":{"rendered":"<p>Publica\u00e7\u00f5es Publica\u00e7\u00e3o em Confer\u00eancia &#8211; HERNANDEZ, A., RUANO, A., URE\u00d1A, J., RUANO, M. G. &amp; GARCIA, J. J. 2019. Applications of NILM Techniques to Energy Management and Assisted Living. IFAC-PapersOnLine, 52, 11, 164-171 Publica\u00e7\u00e3o em Revista &#8211; RUANO, A., HERNANDEZ, A., URE\u00d1A, J., RUANO, M. &amp; GARCIA, J. 2019. NILM Techniques for Intelligent Home Energy [&hellip;]<\/p>\n","protected":false},"author":1,"featured_media":0,"parent":0,"menu_order":0,"comment_status":"closed","ping_status":"closed","template":"","meta":{"footnotes":""},"class_list":["post-150","page","type-page","status-publish","hentry","entry"],"brizy_media":[{"id":44,"url":"https:\/\/csi.ualg.pt\/nilmforihem\/wp-content\/uploads\/brizy\/31\/assets\/images\/a0db0f3f0405eff3f09e3e9142d16656.jpg","name":"a0db0f3f0405eff3f09e3e9142d16656.jpg","meta":{"brizy_attachment_uid":"a0db0f3f0405eff3f09e3e9142d16656.jpg","brizy_post_uid":["de458af2ba63f541ee3f504066b19823"]}},{"id":45,"url":"https:\/\/csi.ualg.pt\/nilmforihem\/wp-content\/uploads\/brizy\/31\/assets\/images\/9fe5a56c95e31a33d94bdc8aa0b6a8c77694678d.jpeg","name":"9fe5a56c95e31a33d94bdc8aa0b6a8c77694678d.jpeg","meta":{"brizy_attachment_uid":"9fe5a56c95e31a33d94bdc8aa0b6a8c77694678d.jpeg","brizy_post_uid":["de458af2ba63f541ee3f504066b19823"]}},{"id":53,"url":"https:\/\/csi.ualg.pt\/nilmforihem\/wp-content\/uploads\/brizy\/31\/assets\/images\/c8955b22d10fb349cd0bd74ee93517e4.jpg","name":"c8955b22d10fb349cd0bd74ee93517e4.jpg","meta":{"brizy_attachment_uid":"c8955b22d10fb349cd0bd74ee93517e4.jpg","brizy_post_uid":["de458af2ba63f541ee3f504066b19823"]}},{"id":66,"url":"https:\/\/csi.ualg.pt\/nilmforihem\/wp-content\/uploads\/2021\/04\/Logo_CRESC_RGB.png","name":"Logo_CRESC_RGB.png","meta":{"brizy_attachment_uid":"wp-8f51d036a11d352be030b711abbe90fd.png","brizy_post_uid":["de458af2ba63f541ee3f504066b19823"]}},{"id":93,"url":"https:\/\/csi.ualg.pt\/nilmforihem\/wp-content\/uploads\/brizy\/91\/assets\/images\/024b135312585dcbe3373dafc1d10d3e581e7b41.jpeg","name":"024b135312585dcbe3373dafc1d10d3e581e7b41.jpeg","meta":{"brizy_attachment_uid":"024b135312585dcbe3373dafc1d10d3e581e7b41.jpeg","brizy_post_uid":["de458af2ba63f541ee3f504066b19823"]}},{"id":99,"url":"https:\/\/csi.ualg.pt\/nilmforihem\/wp-content\/uploads\/brizy\/91\/assets\/images\/1ce72f3e257a3c8cfd6be5f3fc202db9.jpg","name":"1ce72f3e257a3c8cfd6be5f3fc202db9.jpg","meta":{"brizy_attachment_uid":"1ce72f3e257a3c8cfd6be5f3fc202db9.jpg","brizy_post_uid":["de458af2ba63f541ee3f504066b19823"]}},{"id":306,"url":"https:\/\/csi.ualg.pt\/nilmforihem\/wp-content\/uploads\/2021\/12\/Logo.jpg","name":"Logo.jpg","meta":{"brizy_attachment_uid":"wp-aba4420a3601a846b55d1d52dcc0a401.jpg","brizy_post_uid":["de458af2ba63f541ee3f504066b19823"]}}],"_links":{"self":[{"href":"https:\/\/csi.ualg.pt\/nilmforihem\/wp-json\/wp\/v2\/pages\/150","targetHints":{"allow":["GET"]}}],"collection":[{"href":"https:\/\/csi.ualg.pt\/nilmforihem\/wp-json\/wp\/v2\/pages"}],"about":[{"href":"https:\/\/csi.ualg.pt\/nilmforihem\/wp-json\/wp\/v2\/types\/page"}],"author":[{"embeddable":true,"href":"https:\/\/csi.ualg.pt\/nilmforihem\/wp-json\/wp\/v2\/users\/1"}],"replies":[{"embeddable":true,"href":"https:\/\/csi.ualg.pt\/nilmforihem\/wp-json\/wp\/v2\/comments?post=150"}],"version-history":[{"count":26,"href":"https:\/\/csi.ualg.pt\/nilmforihem\/wp-json\/wp\/v2\/pages\/150\/revisions"}],"predecessor-version":[{"id":537,"href":"https:\/\/csi.ualg.pt\/nilmforihem\/wp-json\/wp\/v2\/pages\/150\/revisions\/537"}],"wp:attachment":[{"href":"https:\/\/csi.ualg.pt\/nilmforihem\/wp-json\/wp\/v2\/media?parent=150"}],"curies":[{"name":"wp","href":"https:\/\/api.w.org\/{rel}","templated":true}]}}