{"id":31,"date":"2021-04-28T22:01:39","date_gmt":"2021-04-28T22:01:39","guid":{"rendered":"https:\/\/csi.ualg.pt\/nilmforihem\/?page_id=31"},"modified":"2026-04-06T17:50:44","modified_gmt":"2026-04-06T17:50:44","slug":"inicio","status":"publish","type":"page","link":"https:\/\/csi.ualg.pt\/nilmforihem\/","title":{"rendered":"Inicio"},"content":{"rendered":"<div class=\"brz-root__container brz-reset-all brz brz-root__container-page\">\n<section id=\"_klfxcqyunroxvlhxxdjgyirlgmvwjvdlesgh\" class=\"brz-section brz-css-1sjwmwa\">\n<div class=\"brz-section__content brz-section--boxed brz-css-1w69x0z\" data-brz-custom-id=\"nfnlikqxvnihudswaizlmrncuxxsrordvzul\">\n<div class=\"brz-container brz-css-ckzdqr\">\n<div class=\"brz-row__container brz-css-1r5o8fc\" data-brz-custom-id=\"nuheqbidzscvcdfjxlnnsyewdjplzdplnpnb\">\n<div class=\"brz-bg\"><\/div>\n<div class=\"brz-row brz-css-143v23x\">\n<div class=\"brz-columns brz-css-nqejec\" data-brz-custom-id=\"oycacbbvjoogwmzjafyxjkcfkbhcxxvsajwu\">\n<div class=\"brz-bg\"><\/div>\n<div class=\"brz-column__items brz-css-1ys37oh\">\n<div id=\"\" class=\"brz-css-16fke7j brz-wrapper\">\n<div class=\"brz-rich-text brz-rich-text__custom brz-css-19pxhdj\" data-brz-custom-id=\"uxmfomwzghejdbzypizwaqwvycongaqepfru\">\n<div data-brz-translate-text=\"1\">\n<p class=\"brz-lh-lg-1_4 brz-lh-sm-im-1_3 brz-lh-xs-im-1_3 brz-fs-lg-28 brz-fs-sm-im-27 brz-fs-xs-im-22 brz-ls-lg-m_1_5 brz-ls-sm-im-m_1 brz-ls-xs-im-m_0_5 brz-ff-montserrat brz-ft-google brz-fw-lg-700 brz-fw-sm-im-700 brz-fw-xs-im-700 brz-css-ggU9M\"><span class=\"brz-cp-color7\">Descri\u00e7\u00e3o do Projecto<\/span><\/p>\n<\/div>\n<\/div>\n<\/div>\n<div id=\"\" class=\"brz-css-16fke7j brz-wrapper\">\n<div class=\"brz-rich-text brz-rich-text__custom brz-css-19pxhdj\" data-brz-custom-id=\"jatiiusxtknguzfzzxhzcjhxskrxunhfqmvy\">\n<div data-brz-translate-text=\"1\">\n<p class=\"brz-fw-xs-400 brz-fw-sm-400 brz-fw-lg-400 brz-ft-google brz-ff-noto_serif brz-ls-xs-0 brz-ls-sm-0 brz-ls-lg-0 brz-fs-xs-15 brz-fs-sm-15 brz-fs-lg-16 brz-lh-xs-1_6 brz-lh-sm-1_6 brz-lh-lg-1_9 brz-css-nOq1d\" data-uniq-id=\"zlwbg\" data-generated-css=\"brz-css-kfioq\"><span class=\"brz-cp-color7\">O projecto 039578\/01\/SAICT\/2018 \u00e9 um projecto de Investiga\u00e7\u00e3o e Desenvolvimento Tecnol\u00f3gico financiado pelo <\/span><a class=\"link--external brz-cp-color7\" href=\"https:\/\/algarve2020.pt\/info\/\" data-brz-link-type=\"external\" target=\"_blank\" rel=\"nofollow noopener\">CRESC ALGARVE 2020<\/a><span class=\"brz-cp-color7\">, programa regional do <\/span><a class=\"link--external brz-cp-color7\" href=\"https:\/\/www.portugal2020.pt\/\" data-brz-link-type=\"external\" target=\"_blank\" rel=\"nofollow noopener\">Portugal 2020.<\/a><\/p>\n<\/div>\n<\/div>\n<\/div>\n<div id=\"\" class=\"brz-css-16fke7j brz-wrapper\">\n<div class=\"brz-rich-text brz-rich-text__custom brz-css-19pxhdj\" data-brz-custom-id=\"idjuwtemrhfsaqnvszsfpqtcnnxfuotcngvs\">\n<div data-brz-translate-text=\"1\">\n<p class=\"brz-fw-xs-400 brz-fw-sm-400 brz-fw-lg-400 brz-ft-google brz-ff-noto_serif brz-ls-xs-0 brz-ls-sm-0 brz-ls-lg-0 brz-fs-xs-15 brz-fs-sm-15 brz-fs-lg-16 brz-lh-xs-1_6 brz-lh-sm-1_6 brz-lh-lg-1_9 brz-css-z9rrZ\" data-uniq-id=\"idbdj\" data-generated-css=\"brz-css-svyyw\"><span class=\"brz-cp-color7\">A designa\u00e7\u00e3o do projecto \u00e9 <\/span><em class=\"brz-cp-color7\">Monitoriza\u00e7\u00e3o n\u00e3o-invasiva da carga aplicada \u00e0 gest\u00e3o inteligente de energia em resid\u00eancias<\/em><span class=\"brz-cp-color7\"> e tem como objectivo melhorar o desempenho dos algoritmos de monitoriza\u00e7\u00e3o n\u00e3o-intrusiva de carga existentes e a efici\u00eancia dos sistemas de energia em resid\u00eancias.<\/span><\/p>\n<\/div>\n<\/div>\n<\/div>\n<div id=\"\" class=\"brz-css-16fke7j brz-wrapper\">\n<div class=\"brz-rich-text brz-rich-text__custom brz-css-19pxhdj\" data-brz-custom-id=\"hchhhdtqcsdtlzpjrmsevaxngjpksqofndei\">\n<div data-brz-translate-text=\"1\">\n<p class=\"brz-lh-lg-1_9 brz-lh-sm-im-1_6 brz-lh-xs-im-1_6 brz-fs-lg-16 brz-fs-sm-im-15 brz-fs-xs-im-15 brz-ls-lg-0 brz-ls-sm-im-0 brz-ls-xs-im-0 brz-ff-noto_serif brz-ft-google brz-fw-lg-400 brz-fw-sm-im-400 brz-fw-xs-im-400 brz-css-ePfSG\"><span class=\"brz-cp-color7\">Para informa\u00e7\u00e3o mais detalhada do projecto visite a <\/span><a class=\"brz-cp-color7 link--external\" href=\"csi.ualg.pt\/fichatecnica\/\" data-brz-link-type=\"external\" rel=\"nofollow\">Ficha T\u00e9cnica<\/a><span class=\"brz-cp-color7\">.<\/span><\/p>\n<\/div>\n<\/div>\n<\/div>\n<\/div>\n<\/div>\n<div class=\"brz-columns brz-css-nqejec\" data-brz-custom-id=\"rbvsobecprelzggnrjnqxsghqfzfghyzdehz\">\n<div class=\"brz-bg\"><\/div>\n<div class=\"brz-column__items brz-css-1ys37oh\">\n<div id=\"\" class=\"brz-css-16fke7j brz-wrapper\">\n<div class=\"brz-image brz-css-x0bs22\" data-brz-custom-id=\"ymnbphvqhinctpezcjtyyxolyliyirabmizf\"><img decoding=\"async\" class=\"brz-img\" src=\"https:\/\/csi.ualg.pt\/nilmforihem\/wp-content\/uploads\/brizy\/imgs\/Logo-550x336x3x0x545x336x1643991905.jpg\" alt=\"\" loading=\"lazy\"><\/div>\n<\/div>\n<\/div>\n<\/div>\n<\/div>\n<\/div>\n<\/div>\n<\/div>\n<\/section>\n<\/div>\n<p>    <!-- version:1737487698 --><\/p>\n","protected":false},"excerpt":{"rendered":"<p>Descri\u00e7\u00e3o do Projecto O projecto 039578\/01\/SAICT\/2018 \u00e9 um projecto de Investiga\u00e7\u00e3o e Desenvolvimento Tecnol\u00f3gico financiado pelo CRESC ALGARVE 2020, programa regional do Portugal 2020. A designa\u00e7\u00e3o do projecto \u00e9 Monitoriza\u00e7\u00e3o n\u00e3o-invasiva da carga aplicada \u00e0 gest\u00e3o inteligente de energia em resid\u00eancias e tem como objectivo melhorar o desempenho dos algoritmos de monitoriza\u00e7\u00e3o n\u00e3o-intrusiva de carga [&hellip;]<\/p>\n","protected":false},"author":1,"featured_media":0,"parent":0,"menu_order":0,"comment_status":"closed","ping_status":"closed","template":"","meta":{"footnotes":""},"class_list":["post-31","page","type-page","status-publish","hentry","entry"],"brizy_media":[{"id":44,"url":"https:\/\/csi.ualg.pt\/nilmforihem\/wp-content\/uploads\/brizy\/31\/assets\/images\/a0db0f3f0405eff3f09e3e9142d16656.jpg","name":"a0db0f3f0405eff3f09e3e9142d16656.jpg","meta":{"brizy_attachment_uid":"a0db0f3f0405eff3f09e3e9142d16656.jpg","brizy_post_uid":["de458af2ba63f541ee3f504066b19823"]}},{"id":45,"url":"https:\/\/csi.ualg.pt\/nilmforihem\/wp-content\/uploads\/brizy\/31\/assets\/images\/9fe5a56c95e31a33d94bdc8aa0b6a8c77694678d.jpeg","name":"9fe5a56c95e31a33d94bdc8aa0b6a8c77694678d.jpeg","meta":{"brizy_attachment_uid":"9fe5a56c95e31a33d94bdc8aa0b6a8c77694678d.jpeg","brizy_post_uid":["de458af2ba63f541ee3f504066b19823"]}},{"id":53,"url":"https:\/\/csi.ualg.pt\/nilmforihem\/wp-content\/uploads\/brizy\/31\/assets\/images\/c8955b22d10fb349cd0bd74ee93517e4.jpg","name":"c8955b22d10fb349cd0bd74ee93517e4.jpg","meta":{"brizy_attachment_uid":"c8955b22d10fb349cd0bd74ee93517e4.jpg","brizy_post_uid":["de458af2ba63f541ee3f504066b19823"]}},{"id":66,"url":"https:\/\/csi.ualg.pt\/nilmforihem\/wp-content\/uploads\/2021\/04\/Logo_CRESC_RGB.png","name":"Logo_CRESC_RGB.png","meta":{"brizy_attachment_uid":"wp-8f51d036a11d352be030b711abbe90fd.png","brizy_post_uid":["de458af2ba63f541ee3f504066b19823"]}},{"id":93,"url":"https:\/\/csi.ualg.pt\/nilmforihem\/wp-content\/uploads\/brizy\/91\/assets\/images\/024b135312585dcbe3373dafc1d10d3e581e7b41.jpeg","name":"024b135312585dcbe3373dafc1d10d3e581e7b41.jpeg","meta":{"brizy_attachment_uid":"024b135312585dcbe3373dafc1d10d3e581e7b41.jpeg","brizy_post_uid":["de458af2ba63f541ee3f504066b19823"]}},{"id":99,"url":"https:\/\/csi.ualg.pt\/nilmforihem\/wp-content\/uploads\/brizy\/91\/assets\/images\/1ce72f3e257a3c8cfd6be5f3fc202db9.jpg","name":"1ce72f3e257a3c8cfd6be5f3fc202db9.jpg","meta":{"brizy_attachment_uid":"1ce72f3e257a3c8cfd6be5f3fc202db9.jpg","brizy_post_uid":["de458af2ba63f541ee3f504066b19823"]}},{"id":306,"url":"https:\/\/csi.ualg.pt\/nilmforihem\/wp-content\/uploads\/2021\/12\/Logo.jpg","name":"Logo.jpg","meta":{"brizy_attachment_uid":"wp-aba4420a3601a846b55d1d52dcc0a401.jpg","brizy_post_uid":["de458af2ba63f541ee3f504066b19823"]}}],"_links":{"self":[{"href":"https:\/\/csi.ualg.pt\/nilmforihem\/wp-json\/wp\/v2\/pages\/31","targetHints":{"allow":["GET"]}}],"collection":[{"href":"https:\/\/csi.ualg.pt\/nilmforihem\/wp-json\/wp\/v2\/pages"}],"about":[{"href":"https:\/\/csi.ualg.pt\/nilmforihem\/wp-json\/wp\/v2\/types\/page"}],"author":[{"embeddable":true,"href":"https:\/\/csi.ualg.pt\/nilmforihem\/wp-json\/wp\/v2\/users\/1"}],"replies":[{"embeddable":true,"href":"https:\/\/csi.ualg.pt\/nilmforihem\/wp-json\/wp\/v2\/comments?post=31"}],"version-history":[{"count":16,"href":"https:\/\/csi.ualg.pt\/nilmforihem\/wp-json\/wp\/v2\/pages\/31\/revisions"}],"predecessor-version":[{"id":491,"href":"https:\/\/csi.ualg.pt\/nilmforihem\/wp-json\/wp\/v2\/pages\/31\/revisions\/491"}],"wp:attachment":[{"href":"https:\/\/csi.ualg.pt\/nilmforihem\/wp-json\/wp\/v2\/media?parent=31"}],"curies":[{"name":"wp","href":"https:\/\/api.w.org\/{rel}","templated":true}]}}