{"id":35,"date":"2021-04-28T22:04:06","date_gmt":"2021-04-28T22:04:06","guid":{"rendered":"https:\/\/csi.ualg.pt\/nilmforihem\/?page_id=35"},"modified":"2022-02-07T11:12:58","modified_gmt":"2022-02-07T11:12:58","slug":"fichatecnica","status":"publish","type":"page","link":"https:\/\/csi.ualg.pt\/nilmforihem\/fichatecnica\/","title":{"rendered":"Ficha T\u00e9cnica"},"content":{"rendered":"<div class=\"brz-root__container brz-reset-all\">\n<section data-uid=\"pffpuqhkwyubrqftvdbxshqqddguuzgzsjll\" id=\"pffpuqhkwyubrqftvdbxshqqddguuzgzsjll\" class=\"brz-section brz-css-exfrk\">\n<div class=\"brz-section__content brz-section--boxed brz-css-baeua brz-css-ntcpc\" data-custom-id=\"dswmsbubtkgwzpcuhfxqnhexwvtbxbkeeqde\">\n<div class=\"brz-container brz-css-gcylz\">\n<div class=\"brz-row__container brz-css-bpdzj\" data-custom-id=\"ungmknuwgmvslawvzgujoluccizftichfwlu\">\n<div class=\"brz-row brz-css-sjojj\">\n<div class=\"brz-columns brz-css-ragni brz-css-ufyqt\" data-custom-id=\"hoyxztvxyrvkgzywztrjimgruxqfwuuoppcc\">\n<div class=\"brz-bg\">\n<div class=\"brz-bg-color\"><\/div>\n<\/div>\n<div class=\"brz-column__items brz-css-hpzog\">\n<div class=\"brz-css-oeojd brz-wrapper\">\n<div class=\"brz-rich-text brz-css-ncuga\" data-custom-id=\"lqxiovgdelzrqfdynzmbpkptowfwvnuooied\">\n<div>\n<h5 class=\"brz-css-vvdco\"><span class=\"brz-cp-color2\">Designa\u00e7\u00e3o<\/span><\/h5>\n<\/div>\n<\/div>\n<\/div>\n<\/div>\n<\/div>\n<div class=\"brz-columns brz-css-ragni brz-css-iodpi\" data-custom-id=\"dbvohgmipqztxffzffmodryxajeeymoytkfk\">\n<div class=\"brz-column__items brz-css-hpzog\">\n<div class=\"brz-css-oeojd brz-wrapper\">\n<div class=\"brz-rich-text brz-css-ncuga\" data-custom-id=\"aaiihmnkwmjwqudcecdbqdlcybvvpfilmoun\">\n<div>\n<p class=\"brz-css-qonfg\"><span class=\"brz-cp-color2\">Monitoriza\u00e7\u00e3o n\u00e3o-invasiva da carga aplicada \u00e0 gest\u00e3o inteligente de energia em resid\u00eancias<\/span><\/p>\n<\/div>\n<\/div>\n<\/div>\n<\/div>\n<\/div>\n<\/div>\n<\/div>\n<div class=\"brz-row__container brz-css-bpdzj\" data-custom-id=\"vshmjgcperpyscolbnwohhifcgjzbpujmbnx\">\n<div class=\"brz-row brz-css-sjojj\">\n<div class=\"brz-columns brz-css-ragni brz-css-vxjun\" data-custom-id=\"vfszmprkxqtgvisoljdqkhcxzgvgbojxzdzt\">\n<div class=\"brz-bg\">\n<div class=\"brz-bg-color\"><\/div>\n<\/div>\n<div class=\"brz-column__items brz-css-hpzog\">\n<div class=\"brz-css-oeojd brz-wrapper\">\n<div class=\"brz-rich-text brz-css-ncuga\" data-custom-id=\"iyymrpacdckzhdlrwolxrhjelpjlsnoisopv\">\n<div>\n<h5 class=\"brz-css-usgqz\"><span class=\"brz-cp-color2\">C\u00f3digo <\/span><\/h5>\n<\/div>\n<\/div>\n<\/div>\n<\/div>\n<\/div>\n<div class=\"brz-columns brz-css-ragni brz-css-kaboj\" data-custom-id=\"pwrpitlawexcvvdczoyeoyenmqjzkgqrbzhc\">\n<div class=\"brz-column__items brz-css-hpzog\">\n<div class=\"brz-css-oeojd brz-wrapper\">\n<div class=\"brz-rich-text brz-css-ncuga\" data-custom-id=\"lvcidfklnvysacxoeazoioinrgiyuksaaogi\">\n<div>\n<p class=\"brz-css-wvtpi\"><span class=\"brz-cp-color2\">039578\/01\/SAICT\/2018<\/span><\/p>\n<\/div>\n<\/div>\n<\/div>\n<\/div>\n<\/div>\n<\/div>\n<\/div>\n<div class=\"brz-row__container brz-css-bpdzj\" data-custom-id=\"ntjpknrmzvrlolwfmjhhgvdynhepnxjheswb\">\n<div class=\"brz-row brz-css-sjojj\">\n<div class=\"brz-columns brz-css-ragni brz-css-uxmxy\" data-custom-id=\"gwetrerljwgaabagzqckgnwwajjynbbbunfz\">\n<div class=\"brz-bg\">\n<div class=\"brz-bg-color\"><\/div>\n<\/div>\n<div class=\"brz-column__items brz-css-hpzog\">\n<div class=\"brz-css-oeojd brz-wrapper\">\n<div class=\"brz-rich-text brz-css-ncuga\" data-custom-id=\"hhkfyjhejynbpkozfzhgovpekvayxqfabbsx\">\n<div>\n<h5 class=\"brz-css-lltoj\"><span class=\"brz-cp-color2\">Objetivo<\/span><\/h5>\n<\/div>\n<\/div>\n<\/div>\n<\/div>\n<\/div>\n<div class=\"brz-columns brz-css-ragni brz-css-fodch\" data-custom-id=\"brpzdnynlcwsupgjqokhyajmvlpjiughlohe\">\n<div class=\"brz-column__items brz-css-hpzog\">\n<div class=\"brz-css-oeojd brz-wrapper\">\n<div class=\"brz-rich-text brz-css-ncuga\" data-custom-id=\"wxntnhtzdlriibfniexronmtygpopsthoolw\">\n<div>\n<p class=\"brz-css-aqnkc\"><span class=\"brz-cp-color2\">Melhorar o desempenho dos algoritmos de monitoriza\u00e7\u00e3o n\u00e3o-intrusiva de carga existentes e a efici\u00eancia dos sistemas de energia em resid\u00eancias<\/span><\/p>\n<\/div>\n<\/div>\n<\/div>\n<\/div>\n<\/div>\n<\/div>\n<\/div>\n<div class=\"brz-row__container brz-css-bpdzj\" data-custom-id=\"jwcjqybttoehkwuadagestuynrgwuamfjvax\">\n<div class=\"brz-row brz-css-sjojj\">\n<div class=\"brz-columns brz-css-ragni brz-css-wmpdn\" data-custom-id=\"aammhrrbffwrrbgnarrwijpmhcgvwawpqagk\">\n<div class=\"brz-bg\">\n<div class=\"brz-bg-color\"><\/div>\n<\/div>\n<div class=\"brz-column__items brz-css-hpzog\">\n<div class=\"brz-css-oeojd brz-wrapper\">\n<div class=\"brz-rich-text brz-css-ncuga\" data-custom-id=\"mrmgevqydqevadvmoobtpupcblgnnbfdahrq\">\n<div>\n<h5 class=\"brz-css-nslcr\"><span class=\"brz-cp-color2\">Regi\u00e3o de Interven\u00e7\u00e3o<\/span><\/h5>\n<\/div>\n<\/div>\n<\/div>\n<\/div>\n<\/div>\n<div class=\"brz-columns brz-css-ragni brz-css-vhuru\" data-custom-id=\"ehrrmlskotfbbmapetonanoytlfenezhwrrn\">\n<div class=\"brz-column__items brz-css-hpzog\">\n<div class=\"brz-css-oeojd brz-wrapper\">\n<div class=\"brz-rich-text brz-css-ncuga\" data-custom-id=\"jhhdeglfwmhqbgtzygwbifuoqxdzodfbnrgy\">\n<div>\n<p class=\"brz-css-rnzyc\"><span class=\"brz-cp-color2\">Algarve<\/span><\/p>\n<\/div>\n<\/div>\n<\/div>\n<\/div>\n<\/div>\n<\/div>\n<\/div>\n<div class=\"brz-row__container brz-css-bpdzj\" data-custom-id=\"plijvhqolumfzgaugqejsworetgsspmbbhhs\">\n<div class=\"brz-row brz-css-sjojj\">\n<div class=\"brz-columns brz-css-ragni brz-css-uncqh\" data-custom-id=\"khkbamlvsyefsdikcvqiqhcuqslxlmvjicdj\">\n<div class=\"brz-bg\">\n<div class=\"brz-bg-color\"><\/div>\n<\/div>\n<div class=\"brz-column__items brz-css-hpzog\">\n<div class=\"brz-css-oeojd brz-wrapper\">\n<div class=\"brz-rich-text brz-css-ncuga\" data-custom-id=\"mifymrdnrypopkevtaxbulvzxxxjmodglbnh\">\n<div>\n<h5 class=\"brz-css-jpcgw\"><span class=\"brz-cp-color2\">Entidade Benefici\u00e1ria<\/span><\/h5>\n<\/div>\n<\/div>\n<\/div>\n<\/div>\n<\/div>\n<div class=\"brz-columns brz-css-ragni brz-css-vzvgq\" data-custom-id=\"mwjoxjfkrknqieutrofskagrynhptxvfqoif\">\n<div class=\"brz-column__items brz-css-hpzog\">\n<div class=\"brz-css-oeojd brz-wrapper\">\n<div class=\"brz-rich-text brz-css-ncuga\" data-custom-id=\"mvrhtgoefjdtmobtxalrjmlskzjtuewqgzyy\">\n<div>\n<p class=\"brz-css-mdqdi\"><span class=\"brz-cp-color2\">Universidade do Algarve<\/span><\/p>\n<\/div>\n<\/div>\n<\/div>\n<\/div>\n<\/div>\n<\/div>\n<\/div>\n<div class=\"brz-row__container brz-css-bpdzj\" data-custom-id=\"ecstuubjjsyqzroodzmfunmpaxapqrbsbtfu\">\n<div class=\"brz-row brz-css-sjojj\">\n<div class=\"brz-columns brz-css-ragni brz-css-qhdyh\" data-custom-id=\"gpseaatbacjskvihvxxsegwqjvzutlpszulm\">\n<div class=\"brz-bg\">\n<div class=\"brz-bg-color\"><\/div>\n<\/div>\n<div class=\"brz-column__items brz-css-hpzog\">\n<div class=\"brz-css-oeojd brz-wrapper\">\n<div class=\"brz-rich-text brz-css-ncuga\" data-custom-id=\"yhazjignjnfkjktmlucwrejutxchnyghkins\">\n<div>\n<h5 class=\"brz-css-qmeeb\"><span class=\"brz-cp-color2\">Data Aprova\u00e7\u00e3o<\/span><\/h5>\n<\/div>\n<\/div>\n<\/div>\n<\/div>\n<\/div>\n<div class=\"brz-columns brz-css-ragni brz-css-ruqro\" data-custom-id=\"xsfxooovdhrodjdvhztjmjwtokkesyxhthnt\">\n<div class=\"brz-column__items brz-css-hpzog\">\n<div class=\"brz-css-oeojd brz-wrapper\">\n<div class=\"brz-rich-text brz-css-ncuga\" data-custom-id=\"ftzxzpardmvhlzowmitmtmkjzbgclqbfapaq\">\n<div>\n<p class=\"brz-css-mwxls\"><span class=\"brz-cp-color2\"> 20-12-2018<\/span><\/p>\n<\/div>\n<\/div>\n<\/div>\n<\/div>\n<\/div>\n<div class=\"brz-columns brz-css-ragni brz-css-fyett\" data-custom-id=\"eemzmluizunluelhjsfgwrkvfjzrvbbneust\">\n<div class=\"brz-bg\">\n<div class=\"brz-bg-color\"><\/div>\n<\/div>\n<div class=\"brz-column__items brz-css-hpzog\">\n<div class=\"brz-css-oeojd brz-wrapper\">\n<div class=\"brz-rich-text brz-css-ncuga\" data-custom-id=\"lmqzdplsnolxavhykyceimtrzunlkvcpstfm\">\n<div>\n<h5 class=\"brz-css-brxfc\"><span class=\"brz-cp-color2\">Data de Inicio<\/span><\/h5>\n<\/div>\n<\/div>\n<\/div>\n<\/div>\n<\/div>\n<div class=\"brz-columns brz-css-ragni brz-css-bdezh\" data-custom-id=\"pzyympiwiiaboibiusbelgufzrunniejqovs\">\n<div class=\"brz-column__items brz-css-hpzog\">\n<div class=\"brz-css-oeojd brz-wrapper\">\n<div class=\"brz-rich-text brz-css-ncuga\" data-custom-id=\"lyrsnkruqqwerndcmhzfmplhhitmlqxgqxio\">\n<div>\n<p class=\"brz-css-yixhi\"><span class=\"brz-cp-color2\">01-03-2018\u00a0<\/span><\/p>\n<\/div>\n<\/div>\n<\/div>\n<\/div>\n<\/div>\n<div class=\"brz-columns brz-css-ragni brz-css-aeyls\" data-custom-id=\"mxnrtlnxbjrdgdnwrvdddwukoewwbrolbemk\">\n<div class=\"brz-bg\">\n<div class=\"brz-bg-color\"><\/div>\n<\/div>\n<div class=\"brz-column__items brz-css-hpzog\">\n<div class=\"brz-css-oeojd brz-wrapper\">\n<div class=\"brz-rich-text brz-css-ncuga\" data-custom-id=\"tctlbqrvrhsmadumjalsoxeyggbfnluvbgkm\">\n<div>\n<h5 class=\"brz-css-nxdyo\"><span class=\"brz-cp-color2\">Data de Conclus\u00e3o<\/span><\/h5>\n<\/div>\n<\/div>\n<\/div>\n<\/div>\n<\/div>\n<div class=\"brz-columns brz-css-ragni brz-css-iprzn\" data-custom-id=\"jymxvppvzrnbxejqulgxdhrusvkcodgmsgff\">\n<div class=\"brz-column__items brz-css-hpzog\">\n<div class=\"brz-css-oeojd brz-wrapper\">\n<div class=\"brz-rich-text brz-css-ncuga\" data-custom-id=\"pmqbgoymsfsmdtyugasauuihtvdthoszcoec\">\n<div>\n<p class=\"brz-css-addlc\"><span class=\"brz-cp-color2\">28-02-2022<\/span><\/p>\n<\/div>\n<\/div>\n<\/div>\n<\/div>\n<\/div>\n<\/div>\n<\/div>\n<div class=\"brz-row__container brz-css-bpdzj\" data-custom-id=\"ulumyqsrlpbyzgtdsbmooumjzxwuhibrejsu\">\n<div class=\"brz-row brz-css-sjojj\">\n<div class=\"brz-columns brz-css-ragni brz-css-mjerx\" data-custom-id=\"prfxllcfbdneblpescrcndgzkrzkilizldpz\">\n<div class=\"brz-bg\">\n<div class=\"brz-bg-color\"><\/div>\n<\/div>\n<div class=\"brz-column__items brz-css-hpzog\">\n<div class=\"brz-css-oeojd brz-wrapper\">\n<div class=\"brz-rich-text brz-css-ncuga\" data-custom-id=\"axeleidjyxgliwuzmtoccdpstudabbpxgvwy\">\n<div>\n<h5 class=\"brz-css-qrhxi\"><span class=\"brz-cp-color2\">Custo Total Eleg\u00edvel<\/span><\/h5>\n<\/div>\n<\/div>\n<\/div>\n<\/div>\n<\/div>\n<div class=\"brz-columns brz-css-ragni brz-css-fpmkf\" data-custom-id=\"hhqlmzgdjjphskhzgjwaeqmlypoavbqwsjmm\">\n<div class=\"brz-column__items brz-css-hpzog\">\n<div class=\"brz-css-oeojd brz-wrapper\">\n<div class=\"brz-rich-text brz-css-ncuga\" data-custom-id=\"iwcxqwpfqddjzbiwieufhcnigjjghuqcddbh\">\n<div>\n<p class=\"brz-css-qhbgy\"><span class=\"brz-cp-color2\">239,362\u20ac01<\/span><\/p>\n<\/div>\n<\/div>\n<\/div>\n<\/div>\n<\/div>\n<div class=\"brz-columns brz-css-ragni brz-css-vlgmn\" data-custom-id=\"vjxlfefolkcbzvpejzgmgoqoihpzvtgfcplt\">\n<div class=\"brz-bg\">\n<div class=\"brz-bg-color\"><\/div>\n<\/div>\n<div class=\"brz-column__items brz-css-hpzog\">\n<div class=\"brz-css-oeojd brz-wrapper\">\n<div class=\"brz-rich-text brz-css-ncuga\" data-custom-id=\"ccunpcsyaounshmvkovkoixsxtmjoxqiuwra\">\n<div>\n<p class=\"brz-css-eikrx\"><span class=\"brz-cp-color2\">Apoio Financeiro da Uni\u00e3o Europeia: <\/span><\/p>\n<\/div>\n<\/div>\n<\/div>\n<\/div>\n<\/div>\n<div class=\"brz-columns brz-css-ragni brz-css-ahubh\" data-custom-id=\"xumykiuhmofvnibxijpydvfxkaidmrazaala\">\n<div class=\"brz-column__items brz-css-hpzog\">\n<div class=\"brz-css-oeojd brz-wrapper\">\n<div class=\"brz-rich-text brz-css-ncuga\" data-custom-id=\"znlhxxvzuhbiycbpzasffulzxebtpfwnvwpj\">\n<div>\n<p class=\"brz-css-ngyve\"><span class=\"brz-cp-color2\">143617\u20ac21<\/span><\/p>\n<\/div>\n<\/div>\n<\/div>\n<\/div>\n<\/div>\n<\/div>\n<\/div>\n<\/div>\n<\/div>\n<\/section>\n<section data-uid=\"kpfvpjwzldtmhesqydydcbqfylshoawzmafz\" id=\"kpfvpjwzldtmhesqydydcbqfylshoawzmafz\" class=\"brz-section brz-css-exfrk\">\n<div class=\"brz-section__content brz-section--boxed brz-css-baeua brz-css-xohzu\" data-custom-id=\"tyhphapkfybeywdhlnslxaickisjweigqifl\">\n<div class=\"brz-container brz-css-gcylz\">\n<div class=\"brz-row__container brz-css-bpdzj\" data-custom-id=\"rjqlxltddnmdekvqakzcxfwvtlzxxxcpudle\">\n<div class=\"brz-row brz-css-sjojj\">\n<div class=\"brz-columns brz-css-ragni brz-css-vcjkp\" data-custom-id=\"gogdoxrdtknzednchxpuiumadiwfqpzniesr\">\n<div class=\"brz-bg\">\n<div class=\"brz-bg-color\"><\/div>\n<\/div>\n<div class=\"brz-column__items brz-css-hpzog\">\n<div class=\"brz-css-oeojd brz-wrapper\">\n<div class=\"brz-rich-text brz-css-ncuga\" data-custom-id=\"wekpmqvkdjbepcjsobsavvorobmlinwhogqq\">\n<div>\n<h5 class=\"brz-css-eiuuc\"><span class=\"brz-cp-color2\">Objetivos, Atividades e Resultados Esperados<\/span><\/h5>\n<\/div>\n<\/div>\n<\/div>\n<\/div>\n<\/div>\n<\/div>\n<\/div>\n<div class=\"brz-row__container brz-css-bpdzj\" data-custom-id=\"ykzkrysyvoijpmobvtnuivprhswhazsjagrx\">\n<div class=\"brz-row brz-css-sjojj\">\n<div class=\"brz-columns brz-css-ragni brz-css-qchdq\" data-custom-id=\"wzekephshqyqtlxnjkagvkcmaaphvtxqgpup\">\n<div class=\"brz-column__items brz-css-hpzog\">\n<div class=\"brz-css-oeojd brz-wrapper\">\n<div class=\"brz-rich-text brz-css-ncuga\" data-custom-id=\"hglzkjhgywmijlhnjsdpzkqognmubcrndahu\">\n<div>\n<p class=\"brz-css-sxndm\"><span class=\"brz-cp-color2\">O projeto pretende melhorar o desempenho de sistemas de gest\u00e3o de energia dom\u00e9sticos, atrav\u00e9s de uma melhor utiliza\u00e7\u00e3o da informa\u00e7\u00e3o, do uso de estrat\u00e9gias de controlo adequadas e de algoritmos de monitoriza\u00e7\u00e3o n\u00e3o-intrusiva de carga melhorados.<\/span><\/p>\n<\/div>\n<\/div>\n<\/div>\n<\/div>\n<\/div>\n<\/div>\n<\/div>\n<div class=\"brz-row__container brz-css-bpdzj\" data-custom-id=\"owqiscvetqegxiakyzptjdchwcyeshcgpact\">\n<div class=\"brz-row brz-css-sjojj\">\n<div class=\"brz-columns brz-css-ragni brz-css-zsutb\" data-custom-id=\"kvuhhdpgbxpmwaeoddpujnohjpxbjzgkfdqg\">\n<div class=\"brz-column__items brz-css-hpzog\">\n<div class=\"brz-css-oeojd brz-wrapper\">\n<div class=\"brz-rich-text brz-css-ncuga\" data-custom-id=\"naiqhwbxchtbkvimoknsquwxjmmdqfrtxmdm\">\n<div>\n<p class=\"brz-css-jqwzp\"><span class=\"brz-cp-color2\">\u00c9 divido em 6 atividades:<\/span><\/p>\n<\/div>\n<\/div>\n<\/div>\n<div class=\"brz-css-oeojd brz-css-phwzx brz-wrapper\">\n<div class=\"brz-rich-text brz-css-ncuga\" data-custom-id=\"dnfimxhzylhaxlweqiwxqdtswjddxaiqnitw\">\n<div>\n<ul>\n<li class=\"brz-css-pbtof\"><span class=\"brz-cp-color2\">Implementa\u00e7\u00e3o de sistemas de aquisi\u00e7\u00e3o de dados<\/span><\/li>\n<li class=\"brz-css-wuvyt\"><span class=\"brz-cp-color2\">Monitoriza\u00e7\u00e3o n\u00e3o-intrusiva de carga<\/span><\/li>\n<li class=\"brz-css-yxcfp\"><span class=\"brz-cp-color2\">Previs\u00e3o<\/span><\/li>\n<li class=\"brz-css-eqfkr\"><span class=\"brz-cp-color2\">Gest\u00e3o de energia em resid\u00eancias<\/span><\/li>\n<li class=\"brz-css-hgwgg\"><span class=\"brz-cp-color2\">Afina\u00e7\u00e3o e testes<\/span><\/li>\n<li class=\"brz-css-tlkmo\"><span class=\"brz-cp-color2\">Gest\u00e3o do projeto <\/span><\/li>\n<\/ul>\n<\/div>\n<\/div>\n<\/div>\n<\/div>\n<\/div>\n<\/div>\n<\/div>\n<div class=\"brz-row__container brz-css-bpdzj\" data-custom-id=\"rhdxfllebrpwjigoqthpjmluhlubcsrugiux\">\n<div class=\"brz-row brz-css-sjojj brz-css-fqovj\">\n<div class=\"brz-columns brz-css-ragni brz-css-qglsx\" data-custom-id=\"yreptmpbconrashuuljokqsbvjldqlllynky\">\n<div class=\"brz-column__items brz-css-hpzog\">\n<div class=\"brz-css-oeojd brz-wrapper\">\n<div class=\"brz-rich-text brz-css-ncuga\" data-custom-id=\"gexroidrkeaiweicrpolzqjfkgfonfqfiwvp\">\n<div>\n<p class=\"brz-css-sxjvq\"><span class=\"brz-cp-color2\">Ser\u00e1 utilizada uma instala\u00e7\u00e3o piloto, com um sistema fotovoltaico, um sistema de armazenamento, ar condicionado (AC) e aparelhos el\u00e9tricos adicionais cuja opera\u00e7\u00e3o poder\u00e1 ser escalonada.<\/span><\/p>\n<\/div>\n<\/div>\n<\/div>\n<\/div>\n<\/div>\n<\/div>\n<\/div>\n<\/div>\n<\/div>\n<\/section>\n<\/div>\n<p><!-- version:1644232378 --><\/p>\n","protected":false},"excerpt":{"rendered":"<p>Designa\u00e7\u00e3o Monitoriza\u00e7\u00e3o n\u00e3o-invasiva da carga aplicada \u00e0 gest\u00e3o inteligente de energia em resid\u00eancias C\u00f3digo 039578\/01\/SAICT\/2018 Objetivo Melhorar o desempenho dos algoritmos de monitoriza\u00e7\u00e3o n\u00e3o-intrusiva de carga existentes e a efici\u00eancia dos sistemas de energia em resid\u00eancias Regi\u00e3o de Interven\u00e7\u00e3o Algarve Entidade Benefici\u00e1ria Universidade do Algarve Data Aprova\u00e7\u00e3o 20-12-2018 Data de Inicio 01-03-2018\u00a0 Data de Conclus\u00e3o [&hellip;]<\/p>\n","protected":false},"author":1,"featured_media":0,"parent":0,"menu_order":0,"comment_status":"closed","ping_status":"closed","template":"","meta":{"footnotes":""},"class_list":["post-35","page","type-page","status-publish","hentry","entry"],"brizy_media":[],"_links":{"self":[{"href":"https:\/\/csi.ualg.pt\/nilmforihem\/wp-json\/wp\/v2\/pages\/35","targetHints":{"allow":["GET"]}}],"collection":[{"href":"https:\/\/csi.ualg.pt\/nilmforihem\/wp-json\/wp\/v2\/pages"}],"about":[{"href":"https:\/\/csi.ualg.pt\/nilmforihem\/wp-json\/wp\/v2\/types\/page"}],"author":[{"embeddable":true,"href":"https:\/\/csi.ualg.pt\/nilmforihem\/wp-json\/wp\/v2\/users\/1"}],"replies":[{"embeddable":true,"href":"https:\/\/csi.ualg.pt\/nilmforihem\/wp-json\/wp\/v2\/comments?post=35"}],"version-history":[{"count":5,"href":"https:\/\/csi.ualg.pt\/nilmforihem\/wp-json\/wp\/v2\/pages\/35\/revisions"}],"predecessor-version":[{"id":72,"href":"https:\/\/csi.ualg.pt\/nilmforihem\/wp-json\/wp\/v2\/pages\/35\/revisions\/72"}],"wp:attachment":[{"href":"https:\/\/csi.ualg.pt\/nilmforihem\/wp-json\/wp\/v2\/media?parent=35"}],"curies":[{"name":"wp","href":"https:\/\/api.w.org\/{rel}","templated":true}]}}